{"id":14853,"date":"2015-03-30T12:43:40","date_gmt":"2015-03-30T10:43:40","guid":{"rendered":"https:\/\/opinatron.com\/contact\/"},"modified":"2024-01-12T13:07:07","modified_gmt":"2024-01-12T11:07:07","slug":"contact","status":"publish","type":"page","link":"https:\/\/opinatron.com\/en\/contact\/","title":{"rendered":"Contact Us"},"content":{"rendered":"<p>If you have any <strong>questions, suggestions, complaints<\/strong> or anything else you want to tell me you can use the <strong>contact form<\/strong> below and I will answer you as soon as I can.<\/p>\n<p>Anything you think deserves to be shared and commented on the page will be welcome, don&#8217;t <strong>hesitate<\/strong>! \ud83d\ude09<\/p>\n\n<div class=\"wpcf7 no-js\" id=\"wpcf7-f14862-o1\" lang=\"en-US\" dir=\"ltr\">\n<div class=\"screen-reader-response\"><p role=\"status\" aria-live=\"polite\" aria-atomic=\"true\"><\/p> <ul><\/ul><\/div>\n<form action=\"\/en\/wp-json\/wp\/v2\/pages\/14853#wpcf7-f14862-o1\" method=\"post\" class=\"wpcf7-form init\" aria-label=\"Contact form\" novalidate=\"novalidate\" data-status=\"init\">\n<div style=\"display: none;\">\n<input type=\"hidden\" name=\"_wpcf7\" value=\"14862\" \/>\n<input type=\"hidden\" name=\"_wpcf7_version\" value=\"5.8.2\" \/>\n<input type=\"hidden\" name=\"_wpcf7_locale\" value=\"en_US\" \/>\n<input type=\"hidden\" name=\"_wpcf7_unit_tag\" value=\"wpcf7-f14862-o1\" \/>\n<input type=\"hidden\" name=\"_wpcf7_container_post\" value=\"0\" \/>\n<input type=\"hidden\" name=\"_wpcf7_posted_data_hash\" value=\"\" \/>\n<\/div>\n<div class=\"flexFormu2box\">\n\t<div class=\"itemFlexFormu\">\n\t\t<p><label><span class=\"wpcf7-form-control-wrap\" data-name=\"your-name\"><input size=\"40\" class=\"wpcf7-form-control wpcf7-text wpcf7-validates-as-required\" aria-required=\"true\" aria-invalid=\"false\" placeholder=\"Your Name*\" value=\"\" type=\"text\" name=\"your-name\" \/><\/span><\/label>\n\t\t<\/p>\n\t<\/div>\n\t<div class=\"itemFlexFormu\">\n\t\t<p><label><span class=\"wpcf7-form-control-wrap\" data-name=\"your-email\"><input size=\"40\" class=\"wpcf7-form-control wpcf7-email wpcf7-validates-as-required wpcf7-text wpcf7-validates-as-email\" aria-required=\"true\" aria-invalid=\"false\" placeholder=\"E-mail*\" value=\"\" type=\"email\" name=\"your-email\" \/><\/span><\/label>\n\t\t<\/p>\n\t<\/div>\n<\/div>\n<div class=\"suelto\">\n\t<p><label><span class=\"wpcf7-form-control-wrap\" data-name=\"your-subject\"><input size=\"40\" class=\"wpcf7-form-control wpcf7-text\" aria-invalid=\"false\" placeholder=\"Subject*\" value=\"\" type=\"text\" name=\"your-subject\" \/><\/span><\/label>\n\t<\/p>\n<\/div>\n<div>\n\t<p><label><span class=\"wpcf7-form-control-wrap\" data-name=\"your-message\"><textarea cols=\"40\" rows=\"10\" class=\"wpcf7-form-control wpcf7-textarea\" aria-invalid=\"false\" placeholder=\"Message\" name=\"your-message\"><\/textarea><\/span><\/label>\n\t<\/p>\n<\/div>\n<p class=\"centrado\" style=\"margin-top: 12px;margin-bottom:12px;\"><span class=\"wpcf7-form-control-wrap\" data-name=\"Accept\"><span class=\"wpcf7-form-control wpcf7-acceptance\"><span class=\"wpcf7-list-item\"><label><input type=\"checkbox\" name=\"Accept\" value=\"1\" aria-invalid=\"false\" \/><span class=\"wpcf7-list-item-label\">Required - I have read and accept the <a href=\"https:\/\/opinatron.com\/en\/privacy-policy-and-legal-notice\/\">Privacy policy and legal notice<\/a><\/span><\/label><\/span><\/span><\/span>\n<\/p>\n<div class=\"legal\">\n\t<p><span class=\"strong\">Data controller:<\/span> I4TRADERS ONLINE SERVICES S.L. <span class=\"strong\">Purpose:<\/span> I will reply to your message and answer any questions you may have, nothing more. <span class=\"strong\">Legitimation:<\/span> Simply your consent. <span class=\"strong\">Data storage:<\/span> Your data will only be saved in our mail manager. <span class=\"strong\">Rights:<\/span> At any time you can limit, retrieve and delete your information, just ask and it will be done.\n\t<\/p>\n<\/div>\n<p class=\"centrado\"><input class=\"wpcf7-form-control wpcf7-submit has-spinner\" type=\"submit\" value=\"Send\" \/>\n<\/p><p style=\"display: none !important;\"><label>&#916;<textarea name=\"_wpcf7_ak_hp_textarea\" cols=\"45\" rows=\"8\" maxlength=\"100\"><\/textarea><\/label><input type=\"hidden\" id=\"ak_js_1\" name=\"_wpcf7_ak_js\" value=\"66\"\/><script>document.getElementById( \"ak_js_1\" ).setAttribute( \"value\", ( new Date() ).getTime() );<\/script><\/p><div class=\"wpcf7-response-output\" aria-hidden=\"true\"><\/div>\n<\/form>\n<\/div>\n\n","protected":false},"excerpt":{"rendered":"<p>If you have any questions, suggestions, complaints or anything else you want to tell me you can use the contact form below and I will answer you as soon as I can. Anything you think deserves to be shared and &#8230; <\/p>\n<p class=\"read-more-container\"><a title=\"Contact Us\" class=\"read-more button\" href=\"https:\/\/opinatron.com\/en\/contact\/#more-14853\" aria-label=\"More on Contact Us\">Read more<\/a><\/p>\n","protected":false},"author":12,"featured_media":0,"parent":0,"menu_order":0,"comment_status":"closed","ping_status":"open","template":"","meta":{"_acf_changed":false,"footnotes":""},"class_list":["post-14853","page","type-page","status-publish"],"acf":[],"yoast_head":"<!-- This site is optimized with the Yoast SEO plugin v21.5 - https:\/\/yoast.com\/wordpress\/plugins\/seo\/ -->\n<title>Contact Us<\/title>\n<meta name=\"description\" content=\"If you have any questions, suggestions, complaints or anything else you want to tell me you can use the contact form below and I will answer you as soon\" \/>\n<meta name=\"robots\" content=\"index, follow, max-snippet:-1, max-image-preview:large, max-video-preview:-1\" \/>\n<link rel=\"canonical\" href=\"https:\/\/opinatron.com\/en\/contact\/\" \/>\n<meta property=\"og:locale\" content=\"en_US\" \/>\n<meta property=\"og:type\" content=\"article\" \/>\n<meta property=\"og:title\" content=\"Contact Us\" \/>\n<meta property=\"og:description\" content=\"If you have any questions, suggestions, complaints or anything else you want to tell me you can use the contact form below and I will answer you as soon\" \/>\n<meta property=\"og:url\" content=\"https:\/\/opinatron.com\/en\/contact\/\" \/>\n<meta property=\"og:site_name\" content=\"Opinatron\" \/>\n<meta property=\"article:modified_time\" content=\"2024-01-12T11:07:07+00:00\" \/>\n<meta name=\"twitter:card\" content=\"summary_large_image\" \/>\n<meta name=\"twitter:site\" content=\"@Opinatron_com\" \/>\n<meta name=\"twitter:label1\" content=\"Est. reading time\" \/>\n\t<meta name=\"twitter:data1\" content=\"1 minute\" \/>\n<script type=\"application\/ld+json\" class=\"yoast-schema-graph\">{\"@context\":\"https:\/\/schema.org\",\"@graph\":[{\"@type\":\"WebPage\",\"@id\":\"https:\/\/opinatron.com\/en\/contact\/\",\"url\":\"https:\/\/opinatron.com\/en\/contact\/\",\"name\":\"Contact Us\",\"isPartOf\":{\"@id\":\"https:\/\/opinatron.com\/en\/#website\"},\"datePublished\":\"2015-03-30T10:43:40+00:00\",\"dateModified\":\"2024-01-12T11:07:07+00:00\",\"description\":\"If you have any questions, suggestions, complaints or anything else you want to tell me you can use the contact form below and I will answer you as soon\",\"breadcrumb\":{\"@id\":\"https:\/\/opinatron.com\/en\/contact\/#breadcrumb\"},\"inLanguage\":\"en-US\",\"potentialAction\":[{\"@type\":\"ReadAction\",\"target\":[\"https:\/\/opinatron.com\/en\/contact\/\"]}]},{\"@type\":\"BreadcrumbList\",\"@id\":\"https:\/\/opinatron.com\/en\/contact\/#breadcrumb\",\"itemListElement\":[{\"@type\":\"ListItem\",\"position\":1,\"name\":\"Opinatron\",\"item\":\"https:\/\/opinatron.com\/en\/\"},{\"@type\":\"ListItem\",\"position\":2,\"name\":\"Contact Us\"}]},{\"@type\":\"WebSite\",\"@id\":\"https:\/\/opinatron.com\/en\/#website\",\"url\":\"https:\/\/opinatron.com\/en\/\",\"name\":\"Opinatron\",\"description\":\"\u00bfEst\u00e1s preparado para dejar de trabajar y empezar de vivir? Te ayudo a alcanzar la Independencia Financiera y a olvidar tus problemas de Dinero\",\"publisher\":{\"@id\":\"https:\/\/opinatron.com\/en\/#\/schema\/person\/1b17a384765c379c6747d862a919b5f2\"},\"potentialAction\":[{\"@type\":\"SearchAction\",\"target\":{\"@type\":\"EntryPoint\",\"urlTemplate\":\"https:\/\/opinatron.com\/en\/?s={search_term_string}\"},\"query-input\":\"required name=search_term_string\"}],\"inLanguage\":\"en-US\"},{\"@type\":[\"Person\",\"Organization\"],\"@id\":\"https:\/\/opinatron.com\/en\/#\/schema\/person\/1b17a384765c379c6747d862a919b5f2\",\"name\":\"Marc Frau\",\"image\":{\"@type\":\"ImageObject\",\"inLanguage\":\"en-US\",\"@id\":\"https:\/\/opinatron.com\/en\/#\/schema\/person\/image\/\",\"url\":\"https:\/\/opinatron.com\/wp-content\/uploads\/2019\/12\/Marc_Frau-libre.png\",\"contentUrl\":\"https:\/\/opinatron.com\/wp-content\/uploads\/2019\/12\/Marc_Frau-libre.png\",\"width\":500,\"height\":510,\"caption\":\"Marc Frau\"},\"logo\":{\"@id\":\"https:\/\/opinatron.com\/en\/#\/schema\/person\/image\/\"},\"description\":\"Soy un inversor autodidacta que lleva m\u00e1s de 6 a\u00f1os ayudando a otros a invertir su dinero y gestionar sus finanzas. He trabajado de consultor financiero y en Opinatron comparto todo lo que hago con mi dinero. Lo que encontrar\u00e1s aqu\u00ed est\u00e1 escrito desde mi experiencia, y te contar\u00e9 todo lo que hago en mi camino hacia la independencia financiera.\",\"sameAs\":[\"https:\/\/www.linkedin.com\/in\/marc-frau-44856294\",\"https:\/\/www.youtube.com\/channel\/UCfTlnG6J_w8J7Q_G0hEPpRA\"]}]}<\/script>\n<!-- \/ Yoast SEO plugin. -->","yoast_head_json":{"title":"Contact Us","description":"If you have any questions, suggestions, complaints or anything else you want to tell me you can use the contact form below and I will answer you as soon","robots":{"index":"index","follow":"follow","max-snippet":"max-snippet:-1","max-image-preview":"max-image-preview:large","max-video-preview":"max-video-preview:-1"},"canonical":"https:\/\/opinatron.com\/en\/contact\/","og_locale":"en_US","og_type":"article","og_title":"Contact Us","og_description":"If you have any questions, suggestions, complaints or anything else you want to tell me you can use the contact form below and I will answer you as soon","og_url":"https:\/\/opinatron.com\/en\/contact\/","og_site_name":"Opinatron","article_modified_time":"2024-01-12T11:07:07+00:00","twitter_card":"summary_large_image","twitter_site":"@Opinatron_com","twitter_misc":{"Est. reading time":"1 minute"},"schema":{"@context":"https:\/\/schema.org","@graph":[{"@type":"WebPage","@id":"https:\/\/opinatron.com\/en\/contact\/","url":"https:\/\/opinatron.com\/en\/contact\/","name":"Contact Us","isPartOf":{"@id":"https:\/\/opinatron.com\/en\/#website"},"datePublished":"2015-03-30T10:43:40+00:00","dateModified":"2024-01-12T11:07:07+00:00","description":"If you have any questions, suggestions, complaints or anything else you want to tell me you can use the contact form below and I will answer you as soon","breadcrumb":{"@id":"https:\/\/opinatron.com\/en\/contact\/#breadcrumb"},"inLanguage":"en-US","potentialAction":[{"@type":"ReadAction","target":["https:\/\/opinatron.com\/en\/contact\/"]}]},{"@type":"BreadcrumbList","@id":"https:\/\/opinatron.com\/en\/contact\/#breadcrumb","itemListElement":[{"@type":"ListItem","position":1,"name":"Opinatron","item":"https:\/\/opinatron.com\/en\/"},{"@type":"ListItem","position":2,"name":"Contact Us"}]},{"@type":"WebSite","@id":"https:\/\/opinatron.com\/en\/#website","url":"https:\/\/opinatron.com\/en\/","name":"Opinatron","description":"\u00bfEst\u00e1s preparado para dejar de trabajar y empezar de vivir? Te ayudo a alcanzar la Independencia Financiera y a olvidar tus problemas de Dinero","publisher":{"@id":"https:\/\/opinatron.com\/en\/#\/schema\/person\/1b17a384765c379c6747d862a919b5f2"},"potentialAction":[{"@type":"SearchAction","target":{"@type":"EntryPoint","urlTemplate":"https:\/\/opinatron.com\/en\/?s={search_term_string}"},"query-input":"required name=search_term_string"}],"inLanguage":"en-US"},{"@type":["Person","Organization"],"@id":"https:\/\/opinatron.com\/en\/#\/schema\/person\/1b17a384765c379c6747d862a919b5f2","name":"Marc Frau","image":{"@type":"ImageObject","inLanguage":"en-US","@id":"https:\/\/opinatron.com\/en\/#\/schema\/person\/image\/","url":"https:\/\/opinatron.com\/wp-content\/uploads\/2019\/12\/Marc_Frau-libre.png","contentUrl":"https:\/\/opinatron.com\/wp-content\/uploads\/2019\/12\/Marc_Frau-libre.png","width":500,"height":510,"caption":"Marc Frau"},"logo":{"@id":"https:\/\/opinatron.com\/en\/#\/schema\/person\/image\/"},"description":"Soy un inversor autodidacta que lleva m\u00e1s de 6 a\u00f1os ayudando a otros a invertir su dinero y gestionar sus finanzas. He trabajado de consultor financiero y en Opinatron comparto todo lo que hago con mi dinero. Lo que encontrar\u00e1s aqu\u00ed est\u00e1 escrito desde mi experiencia, y te contar\u00e9 todo lo que hago en mi camino hacia la independencia financiera.","sameAs":["https:\/\/www.linkedin.com\/in\/marc-frau-44856294","https:\/\/www.youtube.com\/channel\/UCfTlnG6J_w8J7Q_G0hEPpRA"]}]}},"_links":{"self":[{"href":"https:\/\/opinatron.com\/en\/wp-json\/wp\/v2\/pages\/14853","targetHints":{"allow":["GET"]}}],"collection":[{"href":"https:\/\/opinatron.com\/en\/wp-json\/wp\/v2\/pages"}],"about":[{"href":"https:\/\/opinatron.com\/en\/wp-json\/wp\/v2\/types\/page"}],"author":[{"embeddable":true,"href":"https:\/\/opinatron.com\/en\/wp-json\/wp\/v2\/users\/12"}],"replies":[{"embeddable":true,"href":"https:\/\/opinatron.com\/en\/wp-json\/wp\/v2\/comments?post=14853"}],"version-history":[{"count":2,"href":"https:\/\/opinatron.com\/en\/wp-json\/wp\/v2\/pages\/14853\/revisions"}],"predecessor-version":[{"id":14864,"href":"https:\/\/opinatron.com\/en\/wp-json\/wp\/v2\/pages\/14853\/revisions\/14864"}],"wp:attachment":[{"href":"https:\/\/opinatron.com\/en\/wp-json\/wp\/v2\/media?parent=14853"}],"curies":[{"name":"wp","href":"https:\/\/api.w.org\/{rel}","templated":true}]}}