{"id":14852,"date":"2023-11-03T17:58:53","date_gmt":"2023-11-03T15:58:53","guid":{"rendered":"https:\/\/opinatron.com\/about-opinatron\/"},"modified":"2024-01-12T12:55:31","modified_gmt":"2024-01-12T10:55:31","slug":"about-opinatron","status":"publish","type":"page","link":"https:\/\/opinatron.com\/en\/about-opinatron\/","title":{"rendered":"About Opinatron"},"content":{"rendered":"<h2>What is Opinatron.com?<\/h2>\n<p><strong>Opinatron.com<\/strong> is a web portal aimed at all those interested in improving their personal finances: <em>saving, making money, investing and achieving financial freedom<\/em>.<\/p>\n<p class=\"caja-destacada\"><strong>SAVE MONEY<\/strong><\/p>\n<p>Discover how to control your expenses and save more money to control and improve your financial situation.<\/p>\n<p class=\"caja-destacada\"><strong>EARN MORE MONEY<\/strong><\/p>\n<p>Learn how to generate extra income with the multiple possibilities you have today through the Internet.<\/p>\n<p class=\"caja-destacada\"><strong>INVEST MONEY<\/strong><\/p>\n<p>Make your money work for you and discover the best investment strategies with the right balance between profit and risk.<\/p>\n<p class=\"caja-destacada\"><strong>FINANCIAL FREEDOM<\/strong><\/p>\n<p>For those who want to stop selling their life time in exchange for a salary. By saving, generating more income and investing appropriately, you can stop living for work and enjoy your time.<\/p>\n<p>In Opinatron.com you will find all kinds of articles about stock market investment, roboadvisors, alternative investments, online business, money saving tips, analysis of the best financial companies and much more. We hope you find them useful and we <strong>encourage you to participate<\/strong> by sending us your comments, opinions, reflections or any other details you consider appropriate.<\/p>\n<p>Thank you very much for your attention and welcome.<\/p>\n<p><em>The Opinatron.com Team<\/em><\/p>\n","protected":false},"excerpt":{"rendered":"<p>What is Opinatron.com? Opinatron.com is a web portal aimed at all those interested in improving their personal finances: saving, making money, investing and achieving financial freedom. SAVE MONEY Discover how to control your expenses and save more money to control &#8230; <\/p>\n<p class=\"read-more-container\"><a title=\"About Opinatron\" class=\"read-more button\" href=\"https:\/\/opinatron.com\/en\/about-opinatron\/#more-14852\" aria-label=\"More on About Opinatron\">Read more<\/a><\/p>\n","protected":false},"author":12,"featured_media":14771,"parent":0,"menu_order":0,"comment_status":"closed","ping_status":"closed","template":"","meta":{"_acf_changed":false,"footnotes":""},"class_list":["post-14852","page","type-page","status-publish","has-post-thumbnail"],"acf":[],"yoast_head":"<!-- This site is optimized with the Yoast SEO plugin v21.5 - https:\/\/yoast.com\/wordpress\/plugins\/seo\/ -->\n<title>What is Opinatron.com? - Find out what&#039;s around here<\/title>\n<meta name=\"description\" content=\"Opinatron.com is a Spanish-language web portal aimed at all those interested in improving their personal finances: saving, making money, investing and achieving financial freedom.\" \/>\n<meta name=\"robots\" content=\"index, follow, max-snippet:-1, max-image-preview:large, max-video-preview:-1\" \/>\n<link rel=\"canonical\" href=\"https:\/\/opinatron.com\/en\/about-opinatron\/\" \/>\n<meta property=\"og:locale\" content=\"en_US\" \/>\n<meta property=\"og:type\" content=\"article\" \/>\n<meta property=\"og:title\" content=\"What is Opinatron.com? - Find out what&#039;s around here\" \/>\n<meta property=\"og:description\" content=\"Opinatron.com is a Spanish-language web portal aimed at all those interested in improving their personal finances: saving, making money, investing and achieving financial freedom.\" \/>\n<meta property=\"og:url\" content=\"https:\/\/opinatron.com\/en\/about-opinatron\/\" \/>\n<meta property=\"og:site_name\" content=\"Opinatron\" \/>\n<meta property=\"article:modified_time\" content=\"2024-01-12T10:55:31+00:00\" \/>\n<meta property=\"og:image\" content=\"https:\/\/opinatron.com\/wp-content\/uploads\/2022\/01\/cropped-opinatron-bolsa-y-dinero-favicon.png\" \/>\n\t<meta property=\"og:image:width\" content=\"512\" \/>\n\t<meta property=\"og:image:height\" content=\"512\" \/>\n\t<meta property=\"og:image:type\" content=\"image\/png\" \/>\n<meta name=\"twitter:card\" content=\"summary_large_image\" \/>\n<meta name=\"twitter:site\" content=\"@Opinatron_com\" \/>\n<meta name=\"twitter:label1\" content=\"Est. reading time\" \/>\n\t<meta name=\"twitter:data1\" content=\"1 minute\" \/>\n<script type=\"application\/ld+json\" class=\"yoast-schema-graph\">{\"@context\":\"https:\/\/schema.org\",\"@graph\":[{\"@type\":\"WebPage\",\"@id\":\"https:\/\/opinatron.com\/en\/about-opinatron\/\",\"url\":\"https:\/\/opinatron.com\/en\/about-opinatron\/\",\"name\":\"What is Opinatron.com? - Find out what's around here\",\"isPartOf\":{\"@id\":\"https:\/\/opinatron.com\/en\/#website\"},\"datePublished\":\"2023-11-03T15:58:53+00:00\",\"dateModified\":\"2024-01-12T10:55:31+00:00\",\"description\":\"Opinatron.com is a Spanish-language web portal aimed at all those interested in improving their personal finances: saving, making money, investing and achieving financial freedom.\",\"breadcrumb\":{\"@id\":\"https:\/\/opinatron.com\/en\/about-opinatron\/#breadcrumb\"},\"inLanguage\":\"en-US\",\"potentialAction\":[{\"@type\":\"ReadAction\",\"target\":[\"https:\/\/opinatron.com\/en\/about-opinatron\/\"]}]},{\"@type\":\"BreadcrumbList\",\"@id\":\"https:\/\/opinatron.com\/en\/about-opinatron\/#breadcrumb\",\"itemListElement\":[{\"@type\":\"ListItem\",\"position\":1,\"name\":\"Opinatron\",\"item\":\"https:\/\/opinatron.com\/en\/\"},{\"@type\":\"ListItem\",\"position\":2,\"name\":\"About Opinatron\"}]},{\"@type\":\"WebSite\",\"@id\":\"https:\/\/opinatron.com\/en\/#website\",\"url\":\"https:\/\/opinatron.com\/en\/\",\"name\":\"Opinatron\",\"description\":\"\u00bfEst\u00e1s preparado para dejar de trabajar y empezar de vivir? Te ayudo a alcanzar la Independencia Financiera y a olvidar tus problemas de Dinero\",\"publisher\":{\"@id\":\"https:\/\/opinatron.com\/en\/#\/schema\/person\/1b17a384765c379c6747d862a919b5f2\"},\"potentialAction\":[{\"@type\":\"SearchAction\",\"target\":{\"@type\":\"EntryPoint\",\"urlTemplate\":\"https:\/\/opinatron.com\/en\/?s={search_term_string}\"},\"query-input\":\"required name=search_term_string\"}],\"inLanguage\":\"en-US\"},{\"@type\":[\"Person\",\"Organization\"],\"@id\":\"https:\/\/opinatron.com\/en\/#\/schema\/person\/1b17a384765c379c6747d862a919b5f2\",\"name\":\"Marc Frau\",\"image\":{\"@type\":\"ImageObject\",\"inLanguage\":\"en-US\",\"@id\":\"https:\/\/opinatron.com\/en\/#\/schema\/person\/image\/\",\"url\":\"https:\/\/opinatron.com\/wp-content\/uploads\/2019\/12\/Marc_Frau-libre.png\",\"contentUrl\":\"https:\/\/opinatron.com\/wp-content\/uploads\/2019\/12\/Marc_Frau-libre.png\",\"width\":500,\"height\":510,\"caption\":\"Marc Frau\"},\"logo\":{\"@id\":\"https:\/\/opinatron.com\/en\/#\/schema\/person\/image\/\"},\"description\":\"Soy un inversor autodidacta que lleva m\u00e1s de 6 a\u00f1os ayudando a otros a invertir su dinero y gestionar sus finanzas. He trabajado de consultor financiero y en Opinatron comparto todo lo que hago con mi dinero. Lo que encontrar\u00e1s aqu\u00ed est\u00e1 escrito desde mi experiencia, y te contar\u00e9 todo lo que hago en mi camino hacia la independencia financiera.\",\"sameAs\":[\"https:\/\/www.linkedin.com\/in\/marc-frau-44856294\",\"https:\/\/www.youtube.com\/channel\/UCfTlnG6J_w8J7Q_G0hEPpRA\"]}]}<\/script>\n<!-- \/ Yoast SEO plugin. -->","yoast_head_json":{"title":"What is Opinatron.com? - Find out what's around here","description":"Opinatron.com is a Spanish-language web portal aimed at all those interested in improving their personal finances: saving, making money, investing and achieving financial freedom.","robots":{"index":"index","follow":"follow","max-snippet":"max-snippet:-1","max-image-preview":"max-image-preview:large","max-video-preview":"max-video-preview:-1"},"canonical":"https:\/\/opinatron.com\/en\/about-opinatron\/","og_locale":"en_US","og_type":"article","og_title":"What is Opinatron.com? - Find out what's around here","og_description":"Opinatron.com is a Spanish-language web portal aimed at all those interested in improving their personal finances: saving, making money, investing and achieving financial freedom.","og_url":"https:\/\/opinatron.com\/en\/about-opinatron\/","og_site_name":"Opinatron","article_modified_time":"2024-01-12T10:55:31+00:00","og_image":[{"width":512,"height":512,"url":"https:\/\/opinatron.com\/wp-content\/uploads\/2022\/01\/cropped-opinatron-bolsa-y-dinero-favicon.png","type":"image\/png"}],"twitter_card":"summary_large_image","twitter_site":"@Opinatron_com","twitter_misc":{"Est. reading time":"1 minute"},"schema":{"@context":"https:\/\/schema.org","@graph":[{"@type":"WebPage","@id":"https:\/\/opinatron.com\/en\/about-opinatron\/","url":"https:\/\/opinatron.com\/en\/about-opinatron\/","name":"What is Opinatron.com? - Find out what's around here","isPartOf":{"@id":"https:\/\/opinatron.com\/en\/#website"},"datePublished":"2023-11-03T15:58:53+00:00","dateModified":"2024-01-12T10:55:31+00:00","description":"Opinatron.com is a Spanish-language web portal aimed at all those interested in improving their personal finances: saving, making money, investing and achieving financial freedom.","breadcrumb":{"@id":"https:\/\/opinatron.com\/en\/about-opinatron\/#breadcrumb"},"inLanguage":"en-US","potentialAction":[{"@type":"ReadAction","target":["https:\/\/opinatron.com\/en\/about-opinatron\/"]}]},{"@type":"BreadcrumbList","@id":"https:\/\/opinatron.com\/en\/about-opinatron\/#breadcrumb","itemListElement":[{"@type":"ListItem","position":1,"name":"Opinatron","item":"https:\/\/opinatron.com\/en\/"},{"@type":"ListItem","position":2,"name":"About Opinatron"}]},{"@type":"WebSite","@id":"https:\/\/opinatron.com\/en\/#website","url":"https:\/\/opinatron.com\/en\/","name":"Opinatron","description":"\u00bfEst\u00e1s preparado para dejar de trabajar y empezar de vivir? Te ayudo a alcanzar la Independencia Financiera y a olvidar tus problemas de Dinero","publisher":{"@id":"https:\/\/opinatron.com\/en\/#\/schema\/person\/1b17a384765c379c6747d862a919b5f2"},"potentialAction":[{"@type":"SearchAction","target":{"@type":"EntryPoint","urlTemplate":"https:\/\/opinatron.com\/en\/?s={search_term_string}"},"query-input":"required name=search_term_string"}],"inLanguage":"en-US"},{"@type":["Person","Organization"],"@id":"https:\/\/opinatron.com\/en\/#\/schema\/person\/1b17a384765c379c6747d862a919b5f2","name":"Marc Frau","image":{"@type":"ImageObject","inLanguage":"en-US","@id":"https:\/\/opinatron.com\/en\/#\/schema\/person\/image\/","url":"https:\/\/opinatron.com\/wp-content\/uploads\/2019\/12\/Marc_Frau-libre.png","contentUrl":"https:\/\/opinatron.com\/wp-content\/uploads\/2019\/12\/Marc_Frau-libre.png","width":500,"height":510,"caption":"Marc Frau"},"logo":{"@id":"https:\/\/opinatron.com\/en\/#\/schema\/person\/image\/"},"description":"Soy un inversor autodidacta que lleva m\u00e1s de 6 a\u00f1os ayudando a otros a invertir su dinero y gestionar sus finanzas. He trabajado de consultor financiero y en Opinatron comparto todo lo que hago con mi dinero. Lo que encontrar\u00e1s aqu\u00ed est\u00e1 escrito desde mi experiencia, y te contar\u00e9 todo lo que hago en mi camino hacia la independencia financiera.","sameAs":["https:\/\/www.linkedin.com\/in\/marc-frau-44856294","https:\/\/www.youtube.com\/channel\/UCfTlnG6J_w8J7Q_G0hEPpRA"]}]}},"_links":{"self":[{"href":"https:\/\/opinatron.com\/en\/wp-json\/wp\/v2\/pages\/14852","targetHints":{"allow":["GET"]}}],"collection":[{"href":"https:\/\/opinatron.com\/en\/wp-json\/wp\/v2\/pages"}],"about":[{"href":"https:\/\/opinatron.com\/en\/wp-json\/wp\/v2\/types\/page"}],"author":[{"embeddable":true,"href":"https:\/\/opinatron.com\/en\/wp-json\/wp\/v2\/users\/12"}],"replies":[{"embeddable":true,"href":"https:\/\/opinatron.com\/en\/wp-json\/wp\/v2\/comments?post=14852"}],"version-history":[{"count":1,"href":"https:\/\/opinatron.com\/en\/wp-json\/wp\/v2\/pages\/14852\/revisions"}],"predecessor-version":[{"id":14860,"href":"https:\/\/opinatron.com\/en\/wp-json\/wp\/v2\/pages\/14852\/revisions\/14860"}],"wp:featuredmedia":[{"embeddable":true,"href":"https:\/\/opinatron.com\/en\/wp-json\/wp\/v2\/media\/14771"}],"wp:attachment":[{"href":"https:\/\/opinatron.com\/en\/wp-json\/wp\/v2\/media?parent=14852"}],"curies":[{"name":"wp","href":"https:\/\/api.w.org\/{rel}","templated":true}]}}